{"id":1097,"date":"2025-05-17T11:01:23","date_gmt":"2025-05-17T09:01:23","guid":{"rendered":"https:\/\/kaze-club.lu\/?page_id=1097"},"modified":"2025-11-03T11:27:01","modified_gmt":"2025-11-03T10:27:01","slug":"expo-attended-fr","status":"publish","type":"page","link":"https:\/\/kaze-club.lu\/?page_id=1097","title":{"rendered":"Expo-attended-FR"},"content":{"rendered":"\t\t<div data-elementor-type=\"wp-page\" data-elementor-id=\"1097\" class=\"elementor elementor-1097\">\n\t\t\t\t<div class=\"elementor-element elementor-element-00cbf7e e-flex e-con-boxed e-con e-parent\" data-id=\"00cbf7e\" data-element_type=\"container\">\n\t\t\t\t\t<div class=\"e-con-inner\">\n\t\t\t\t<div class=\"elementor-element elementor-element-37d151d elementor-widget elementor-widget-heading\" data-id=\"37d151d\" data-element_type=\"widget\" data-widget_type=\"heading.default\">\n\t\t\t\t\t<h2 class=\"elementor-heading-title elementor-size-default\">Images et photos d'expos f\u00e9lines dans lesquels des membres du KCL ont particip\u00e9<\/h2>\t\t\t\t<\/div>\n\t\t\t\t\t<\/div>\n\t\t\t\t<\/div>\n\t\t<div class=\"elementor-element elementor-element-9e6e2b5 e-flex e-con-boxed e-con e-parent\" data-id=\"9e6e2b5\" data-element_type=\"container\">\n\t\t\t\t\t<div class=\"e-con-inner\">\n\t\t\t\t<div class=\"elementor-element elementor-element-c1901bd elementor-widget elementor-widget-text-editor\" data-id=\"c1901bd\" data-element_type=\"widget\" data-widget_type=\"text-editor.default\">\n\t\t\t\t\t\t\t\t\t<p>Ces images ont pour la plupart \u00e9t\u00e9 faites par des non professionels. Merci de ne pas exiger une qualit\u00e9 professionelle. Certaines sont floues, d&#8217;autres non. Que tr\u00e8s peu ont \u00e9t\u00e9 trait\u00e9es afin d&#8217;am\u00e9liorer la qualit\u00e9 avant d&#8217;\u00eatre publi\u00e9es. Ce sont simplement des souvenirs d&#8217;expos f\u00e9lines ou autres \u00e9venements auxquels les membres du KCL ont particip\u00e9. \u00c9videmment, il y a un pourcentage plus \u00e9lev\u00e9 d&#8217;images de membres (ou amis) et de leurs chats.<\/p><p>Ces images peuvent \u00eatre utilis\u00e9es \u00e0 discr\u00e9tion, pour autant que le logo du KCL n&#8217;est pas enlev\u00e9 ou que le KCL ne soit cr\u00e9dit\u00e9 pour la photo.<\/p><p>Toute requ\u00eate du KCL d&#8217;enlever une image d&#8217;une de vos publications doit \u00eatre respect\u00e9e dans les meilleurs d\u00e9lais.<\/p><p>Lisez aussi le text en bas de page svp.<\/p>\t\t\t\t\t\t\t\t<\/div>\n\t\t\t\t<div class=\"elementor-element elementor-element-b94164f elementor-button-success elementor-align-center elementor-widget elementor-widget-button\" data-id=\"b94164f\" data-element_type=\"widget\" data-widget_type=\"button.default\">\n\t\t\t\t\t\t\t\t\t\t<a class=\"elementor-button elementor-button-link elementor-size-sm\" href=\"https:\/\/www.amazon.de\/photos\/share\/xDxFYBYP985iWZgSqgZZwQ4Fvrt9weeb7pBX4qqVeDm?sort=sortOldestToNewest\" target=\"_blank\">\n\t\t\t\t\t\t<span class=\"elementor-button-content-wrapper\">\n\t\t\t\t\t\t\t\t\t<span class=\"elementor-button-text\">25.-26.10.2025 CFE \u00e0 Brumath (FR) (WCF)<\/span>\n\t\t\t\t\t<\/span>\n\t\t\t\t\t<\/a>\n\t\t\t\t\t\t\t\t<\/div>\n\t\t\t\t<div class=\"elementor-element elementor-element-6951b99 elementor-button-success elementor-align-center elementor-widget elementor-widget-button\" data-id=\"6951b99\" data-element_type=\"widget\" data-widget_type=\"button.default\">\n\t\t\t\t\t\t\t\t\t\t<a class=\"elementor-button elementor-button-link elementor-size-sm\" href=\"https:\/\/www.amazon.de\/photos\/share\/sEo4ngv6kyp4lFCBHzFWPZP81lKkZaino72x2A6VLWi?sort=sortOldestToNewest\" target=\"_blank\">\n\t\t\t\t\t\t<span class=\"elementor-button-content-wrapper\">\n\t\t\t\t\t\t\t\t\t<span class=\"elementor-button-text\">11.-12.10.2025 Freesenkatten \u00e0 Warstein (DE) (WCF)<\/span>\n\t\t\t\t\t<\/span>\n\t\t\t\t\t<\/a>\n\t\t\t\t\t\t\t\t<\/div>\n\t\t\t\t<div class=\"elementor-element elementor-element-3eab25b elementor-button-success elementor-align-center elementor-widget elementor-widget-button\" data-id=\"3eab25b\" data-element_type=\"widget\" data-widget_type=\"button.default\">\n\t\t\t\t\t\t\t\t\t\t<a class=\"elementor-button elementor-button-link elementor-size-sm\" href=\"https:\/\/www.amazon.de\/photos\/share\/fHoMEt2me33gSQ3nmt2Ist6SKstIH6RQQ6pPrmLJzkY?sort=sortOldestToNewest\" target=\"_blank\">\n\t\t\t\t\t\t<span class=\"elementor-button-content-wrapper\">\n\t\t\t\t\t\t\t\t\t<span class=\"elementor-button-text\">27.-28.09.2025 Cattus Invictus \u00e0 Budapest (HU) (WCF)<\/span>\n\t\t\t\t\t<\/span>\n\t\t\t\t\t<\/a>\n\t\t\t\t\t\t\t\t<\/div>\n\t\t\t\t<div class=\"elementor-element elementor-element-4a015d8 elementor-button-success elementor-align-center elementor-widget elementor-widget-button\" data-id=\"4a015d8\" data-element_type=\"widget\" data-widget_type=\"button.default\">\n\t\t\t\t\t\t\t\t\t\t<a class=\"elementor-button elementor-button-link elementor-size-sm\" href=\"https:\/\/www.amazon.de\/photos\/share\/O1ZW9QqB37i1q9LPExSwYsQ1cniLe69JcPGR4AQvnTE?sort=sortOldestToNewest\" target=\"_blank\">\n\t\t\t\t\t\t<span class=\"elementor-button-content-wrapper\">\n\t\t\t\t\t\t\t\t\t<span class=\"elementor-button-text\">13.-14.09.2025 Deutsche Edelkatze \u00e0 Recklinghausen (DE) (WCF)<\/span>\n\t\t\t\t\t<\/span>\n\t\t\t\t\t<\/a>\n\t\t\t\t\t\t\t\t<\/div>\n\t\t\t\t<div class=\"elementor-element elementor-element-14b32dd elementor-button-success elementor-align-center elementor-widget elementor-widget-button\" data-id=\"14b32dd\" data-element_type=\"widget\" data-widget_type=\"button.default\">\n\t\t\t\t\t\t\t\t\t\t<a class=\"elementor-button elementor-button-link elementor-size-sm\" href=\"https:\/\/www.amazon.de\/photos\/share\/aTySlAmWhMdeZoUj4Tj8Voq36kvDvuPfIiMmN6p8BIp?sort=sortOldestToNewest\" target=\"_blank\">\n\t\t\t\t\t\t<span class=\"elementor-button-content-wrapper\">\n\t\t\t\t\t\t\t\t\t<span class=\"elementor-button-text\">07.-09.06.2025 PCCB \u00e0 Ath (BE) (WCF)<\/span>\n\t\t\t\t\t<\/span>\n\t\t\t\t\t<\/a>\n\t\t\t\t\t\t\t\t<\/div>\n\t\t\t\t<div class=\"elementor-element elementor-element-d1269ae elementor-button-success elementor-align-center elementor-widget elementor-widget-button\" data-id=\"d1269ae\" data-element_type=\"widget\" data-widget_type=\"button.default\">\n\t\t\t\t\t\t\t\t\t\t<a class=\"elementor-button elementor-button-link elementor-size-sm\" href=\"https:\/\/www.amazon.de\/photos\/share\/aTySlAmWhMdeZoUj4Tj8Voq36kvDvuPfIiMmN6p8BIp?sort=sortOldestToNewest\" target=\"_blank\">\n\t\t\t\t\t\t<span class=\"elementor-button-content-wrapper\">\n\t\t\t\t\t\t\t\t\t<span class=\"elementor-button-text\">31.05.-01.06.2025 WCF OLIMPIA \u00e0 Zagreb (HR) (WCF)<\/span>\n\t\t\t\t\t<\/span>\n\t\t\t\t\t<\/a>\n\t\t\t\t\t\t\t\t<\/div>\n\t\t\t\t<div class=\"elementor-element elementor-element-3884d2f elementor-button-success elementor-align-center elementor-widget elementor-widget-button\" data-id=\"3884d2f\" data-element_type=\"widget\" data-widget_type=\"button.default\">\n\t\t\t\t\t\t\t\t\t\t<a class=\"elementor-button elementor-button-link elementor-size-sm\" href=\"https:\/\/www.amazon.de\/photos\/share\/67Dq3py4PlnRTlMVhPQuayRFSQEvwzyMXA4Ae5gjLDV?sort=sortOldestToNewest\" target=\"_blank\">\n\t\t\t\t\t\t<span class=\"elementor-button-content-wrapper\">\n\t\t\t\t\t\t\t\t\t<span class=\"elementor-button-text\">10.-11.05.2025 CFE \u00e0 Saverne (FR) (WCF)<\/span>\n\t\t\t\t\t<\/span>\n\t\t\t\t\t<\/a>\n\t\t\t\t\t\t\t\t<\/div>\n\t\t\t\t<div class=\"elementor-element elementor-element-f869d23 elementor-button-info elementor-align-center elementor-widget elementor-widget-button\" data-id=\"f869d23\" data-element_type=\"widget\" data-widget_type=\"button.default\">\n\t\t\t\t\t\t\t\t\t\t<a class=\"elementor-button elementor-button-link elementor-size-sm\" href=\"https:\/\/www.amazon.de\/photos\/share\/svrG8AmEB65bVs0UpgopPAZc9JDyMSb8p5xBJPkczjf?sort=sortOldestToNewest\" target=\"_blank\">\n\t\t\t\t\t\t<span class=\"elementor-button-content-wrapper\">\n\t\t\t\t\t\t\t\t\t<span class=\"elementor-button-text\">03.-04.05.2025 OFB \u00e0 Nalinnes (BE) (WCF)<\/span>\n\t\t\t\t\t<\/span>\n\t\t\t\t\t<\/a>\n\t\t\t\t\t\t\t\t<\/div>\n\t\t\t\t<div class=\"elementor-element elementor-element-0ce157a elementor-button-info elementor-align-center elementor-widget elementor-widget-button\" data-id=\"0ce157a\" data-element_type=\"widget\" data-widget_type=\"button.default\">\n\t\t\t\t\t\t\t\t\t\t<a class=\"elementor-button elementor-button-link elementor-size-sm\" href=\"https:\/\/www.amazon.de\/photos\/share\/cbckJ51aWYmJ9gkQeBY3gApRxNle8bovUTj4Bo0lAgm?sort=sortOldestToNewest\" target=\"_blank\">\n\t\t\t\t\t\t<span class=\"elementor-button-content-wrapper\">\n\t\t\t\t\t\t\t\t\t<span class=\"elementor-button-text\">26.-27.04.2025 HEC \u00e0 Reiskirchen (DE) (FIF\u00e9)<\/span>\n\t\t\t\t\t<\/span>\n\t\t\t\t\t<\/a>\n\t\t\t\t\t\t\t\t<\/div>\n\t\t\t\t<div class=\"elementor-element elementor-element-eda0c25 elementor-widget elementor-widget-text-editor\" data-id=\"eda0c25\" data-element_type=\"widget\" data-widget_type=\"text-editor.default\">\n\t\t\t\t\t\t\t\t\t<p>Si pour quel raison que ce soit, vous ne voulez pas \u00eatre reconnu sur une image, vous \u00eates pri\u00e9s d&#8217;envoyer un email avec votre preuve d&#8217;identit\u00e9 et une copie de l&#8217;image en question \u00e0 <a href=\"mailto:contact@kaze-club.lu\">contact@kaze-club.lu<\/a>. Votre visage sera rendu flou. Veuillez accorder une semaine pour que votre requ\u00eate soit ex\u00e9cut\u00e9e. Une fois que l&#8217;image sera publi\u00e9e \u00e0 nouveau, votre preuve d&#8217;identit\u00e9 sera effac\u00e9e de fa\u00e7on permanente de nos donn\u00e9es.<\/p><p>Suivant RGPD les visages des mineurs d&#8217;ages ont \u00e9t\u00e9 rendus flous. Envoyez nous un email si vous ne le d\u00e9sirez pas chez votre enfant.\u00a0 <\/p><p>Les images et photos sont heberg\u00e9s sur amazon photos. (Visible \u00e0 partir de votre browser, pas besoin dinstaller l&#8217;appli.)<\/p>\t\t\t\t\t\t\t\t<\/div>\n\t\t\t\t\t<\/div>\n\t\t\t\t<\/div>\n\t\t<div class=\"elementor-element elementor-element-4c95c1d e-grid e-con-boxed e-con e-parent\" data-id=\"4c95c1d\" data-element_type=\"container\">\n\t\t\t\t\t<div class=\"e-con-inner\">\n\t\t\t\t\t<\/div>\n\t\t\t\t<\/div>\n\t\t\t\t<\/div>\n\t\t","protected":false},"excerpt":{"rendered":"<p>Images et photos d&#8217;expos f\u00e9lines dans lesquels des membres du KCL ont particip\u00e9 Ces images ont pour la plupart \u00e9t\u00e9 faites par des non professionels. Merci de ne pas exiger une qualit\u00e9 professionelle. Certaines sont floues, d&#8217;autres non. Que tr\u00e8s peu ont \u00e9t\u00e9 trait\u00e9es afin d&#8217;am\u00e9liorer la qualit\u00e9 avant d&#8217;\u00eatre publi\u00e9es. Ce sont simplement des [&hellip;]<\/p>\n","protected":false},"author":1,"featured_media":0,"parent":0,"menu_order":0,"comment_status":"closed","ping_status":"closed","template":"","meta":{"jetpack_post_was_ever_published":false,"footnotes":""},"class_list":["post-1097","page","type-page","status-publish","hentry"],"jetpack-related-posts":[],"jetpack_sharing_enabled":true,"_links":{"self":[{"href":"https:\/\/kaze-club.lu\/index.php?rest_route=\/wp\/v2\/pages\/1097","targetHints":{"allow":["GET"]}}],"collection":[{"href":"https:\/\/kaze-club.lu\/index.php?rest_route=\/wp\/v2\/pages"}],"about":[{"href":"https:\/\/kaze-club.lu\/index.php?rest_route=\/wp\/v2\/types\/page"}],"author":[{"embeddable":true,"href":"https:\/\/kaze-club.lu\/index.php?rest_route=\/wp\/v2\/users\/1"}],"replies":[{"embeddable":true,"href":"https:\/\/kaze-club.lu\/index.php?rest_route=%2Fwp%2Fv2%2Fcomments&post=1097"}],"version-history":[{"count":38,"href":"https:\/\/kaze-club.lu\/index.php?rest_route=\/wp\/v2\/pages\/1097\/revisions"}],"predecessor-version":[{"id":1374,"href":"https:\/\/kaze-club.lu\/index.php?rest_route=\/wp\/v2\/pages\/1097\/revisions\/1374"}],"wp:attachment":[{"href":"https:\/\/kaze-club.lu\/index.php?rest_route=%2Fwp%2Fv2%2Fmedia&parent=1097"}],"curies":[{"name":"wp","href":"https:\/\/api.w.org\/{rel}","templated":true}]}}