{"id":1103,"date":"2025-05-17T11:32:14","date_gmt":"2025-05-17T09:32:14","guid":{"rendered":"https:\/\/kaze-club.lu\/?page_id=1103"},"modified":"2025-11-03T11:26:39","modified_gmt":"2025-11-03T10:26:39","slug":"expo-attended-de","status":"publish","type":"page","link":"https:\/\/kaze-club.lu\/?page_id=1103&lang=de","title":{"rendered":"Expo-attended-DE"},"content":{"rendered":"\t\t<div data-elementor-type=\"wp-page\" data-elementor-id=\"1103\" class=\"elementor elementor-1103\">\n\t\t\t\t<div class=\"elementor-element elementor-element-00cbf7e e-flex e-con-boxed e-con e-parent\" data-id=\"00cbf7e\" data-element_type=\"container\">\n\t\t\t\t\t<div class=\"e-con-inner\">\n\t\t\t\t<div class=\"elementor-element elementor-element-37d151d elementor-widget elementor-widget-heading\" data-id=\"37d151d\" data-element_type=\"widget\" data-widget_type=\"heading.default\">\n\t\t\t\t\t<h2 class=\"elementor-heading-title elementor-size-default\">Bilder von Katzenausstellungen und anderen Veranstaltungen an denen Mitglieder des KCLs teilgenommen haben<\/h2>\t\t\t\t<\/div>\n\t\t\t\t\t<\/div>\n\t\t\t\t<\/div>\n\t\t<div class=\"elementor-element elementor-element-9e6e2b5 e-flex e-con-boxed e-con e-parent\" data-id=\"9e6e2b5\" data-element_type=\"container\">\n\t\t\t\t\t<div class=\"e-con-inner\">\n\t\t\t\t<div class=\"elementor-element elementor-element-eda0c25 elementor-widget elementor-widget-text-editor\" data-id=\"eda0c25\" data-element_type=\"widget\" data-widget_type=\"text-editor.default\">\n\t\t\t\t\t\t\t\t\t<p>Diese Bilder sind zum gr\u00f6ssten Teil von nicht Profis gemacht worden. Bitte erhoffen sie sich keine professionelle Qualit\u00e4t. Einige sind unschaft, andere nicht. Nur sehr wenige wurden bearbeitet um die Qualit\u00e4t zu verbessern bevor sie ver\u00f6ffentlicht wurden. Es sind lediglich Erinnerungen an Katzenausstellungen oder andere Veranstaltungen bei denen Mitglieder des KCL teilgenommen haben. Nat\u00fcrlich ist ein gr\u00f6sserer Anteil von Bildern von Mitgliedern (und Freunden) und deren Katzen.<\/p><p>Die Bilder k\u00f6nnen benutzt werden so lange das Wasserzeichen belassen wird oder der KCL als Quelle des Bildes angegeben wird.<\/p><p>Jeder Anfrage des KCLs ein Bild in einer Ihrer Ver\u00f6ffentlichungen zu l\u00f6schen muss ohne Verz\u00f6gerung Folge geleistet werden.<\/p><p>Siehe auch Text unten auf dieser Seite.<\/p>\t\t\t\t\t\t\t\t<\/div>\n\t\t\t\t<div class=\"elementor-element elementor-element-b474289 elementor-button-success elementor-align-center elementor-widget elementor-widget-button\" data-id=\"b474289\" data-element_type=\"widget\" data-widget_type=\"button.default\">\n\t\t\t\t\t\t\t\t\t\t<a class=\"elementor-button elementor-button-link elementor-size-sm\" href=\"https:\/\/www.amazon.de\/photos\/share\/xDxFYBYP985iWZgSqgZZwQ4Fvrt9weeb7pBX4qqVeDm?sort=sortOldestToNewest\" target=\"_blank\">\n\t\t\t\t\t\t<span class=\"elementor-button-content-wrapper\">\n\t\t\t\t\t\t\t\t\t<span class=\"elementor-button-text\">25.-26.10.2025 CFE in Brumath (FR) (WCF)<\/span>\n\t\t\t\t\t<\/span>\n\t\t\t\t\t<\/a>\n\t\t\t\t\t\t\t\t<\/div>\n\t\t\t\t<div class=\"elementor-element elementor-element-bc61cfb elementor-button-success elementor-align-center elementor-widget elementor-widget-button\" data-id=\"bc61cfb\" data-element_type=\"widget\" data-widget_type=\"button.default\">\n\t\t\t\t\t\t\t\t\t\t<a class=\"elementor-button elementor-button-link elementor-size-sm\" href=\"https:\/\/www.amazon.de\/photos\/share\/sEo4ngv6kyp4lFCBHzFWPZP81lKkZaino72x2A6VLWi?sort=sortOldestToNewest\" target=\"_blank\">\n\t\t\t\t\t\t<span class=\"elementor-button-content-wrapper\">\n\t\t\t\t\t\t\t\t\t<span class=\"elementor-button-text\">11.-12.10.2025 Freesenkatten in Warstein (DE) (WCF)<\/span>\n\t\t\t\t\t<\/span>\n\t\t\t\t\t<\/a>\n\t\t\t\t\t\t\t\t<\/div>\n\t\t\t\t<div class=\"elementor-element elementor-element-be2927f elementor-button-success elementor-align-center elementor-widget elementor-widget-button\" data-id=\"be2927f\" data-element_type=\"widget\" data-widget_type=\"button.default\">\n\t\t\t\t\t\t\t\t\t\t<a class=\"elementor-button elementor-button-link elementor-size-sm\" href=\"https:\/\/www.amazon.de\/photos\/share\/fHoMEt2me33gSQ3nmt2Ist6SKstIH6RQQ6pPrmLJzkY?sort=sortOldestToNewest\" target=\"_blank\">\n\t\t\t\t\t\t<span class=\"elementor-button-content-wrapper\">\n\t\t\t\t\t\t\t\t\t<span class=\"elementor-button-text\">27.-28.09.2025 Cattus Invictus in Budapest (HU) (WCF)<\/span>\n\t\t\t\t\t<\/span>\n\t\t\t\t\t<\/a>\n\t\t\t\t\t\t\t\t<\/div>\n\t\t\t\t<div class=\"elementor-element elementor-element-ead9b1c elementor-button-success elementor-align-center elementor-widget elementor-widget-button\" data-id=\"ead9b1c\" data-element_type=\"widget\" data-widget_type=\"button.default\">\n\t\t\t\t\t\t\t\t\t\t<a class=\"elementor-button elementor-button-link elementor-size-sm\" href=\"https:\/\/www.amazon.de\/photos\/share\/O1ZW9QqB37i1q9LPExSwYsQ1cniLe69JcPGR4AQvnTE?sort=sortOldestToNewest\" target=\"_blank\">\n\t\t\t\t\t\t<span class=\"elementor-button-content-wrapper\">\n\t\t\t\t\t\t\t\t\t<span class=\"elementor-button-text\">13.-14.09.2025 Deutsche Edelkatze in Recklinghausen (DE) (WCF)<\/span>\n\t\t\t\t\t<\/span>\n\t\t\t\t\t<\/a>\n\t\t\t\t\t\t\t\t<\/div>\n\t\t\t\t<div class=\"elementor-element elementor-element-ff8ef61 elementor-button-success elementor-align-center elementor-widget elementor-widget-button\" data-id=\"ff8ef61\" data-element_type=\"widget\" data-widget_type=\"button.default\">\n\t\t\t\t\t\t\t\t\t\t<a class=\"elementor-button elementor-button-link elementor-size-sm\" href=\"https:\/\/www.amazon.de\/photos\/share\/aTySlAmWhMdeZoUj4Tj8Voq36kvDvuPfIiMmN6p8BIp?sort=sortOldestToNewest\" target=\"_blank\">\n\t\t\t\t\t\t<span class=\"elementor-button-content-wrapper\">\n\t\t\t\t\t\t\t\t\t<span class=\"elementor-button-text\">07.-09.06.2025 PCCB in Ath (BE) (WCF)<\/span>\n\t\t\t\t\t<\/span>\n\t\t\t\t\t<\/a>\n\t\t\t\t\t\t\t\t<\/div>\n\t\t\t\t<div class=\"elementor-element elementor-element-c047bff elementor-button-success elementor-align-center elementor-widget elementor-widget-button\" data-id=\"c047bff\" data-element_type=\"widget\" data-widget_type=\"button.default\">\n\t\t\t\t\t\t\t\t\t\t<a class=\"elementor-button elementor-button-link elementor-size-sm\" href=\"https:\/\/www.amazon.de\/photos\/share\/2lClIivA7Paja92XLy25Tv4VKI588Yrnu2AnKoA2Cx8?sort=sortOldestToNewest\" target=\"_blank\">\n\t\t\t\t\t\t<span class=\"elementor-button-content-wrapper\">\n\t\t\t\t\t\t\t\t\t<span class=\"elementor-button-text\">31.05.-01.06.2025 WCF OLIMPIA in Zagreb (HR) (WCF)<\/span>\n\t\t\t\t\t<\/span>\n\t\t\t\t\t<\/a>\n\t\t\t\t\t\t\t\t<\/div>\n\t\t\t\t<div class=\"elementor-element elementor-element-8cc4c87 elementor-button-success elementor-align-center elementor-widget elementor-widget-button\" data-id=\"8cc4c87\" data-element_type=\"widget\" data-widget_type=\"button.default\">\n\t\t\t\t\t\t\t\t\t\t<a class=\"elementor-button elementor-button-link elementor-size-sm\" href=\"https:\/\/www.amazon.de\/photos\/share\/67Dq3py4PlnRTlMVhPQuayRFSQEvwzyMXA4Ae5gjLDV?sort=sortOldestToNewest\" target=\"_blank\">\n\t\t\t\t\t\t<span class=\"elementor-button-content-wrapper\">\n\t\t\t\t\t\t\t\t\t<span class=\"elementor-button-text\">10.-11.05.2025 CFE in Saverne (FR) (WCF)<\/span>\n\t\t\t\t\t<\/span>\n\t\t\t\t\t<\/a>\n\t\t\t\t\t\t\t\t<\/div>\n\t\t\t\t<div class=\"elementor-element elementor-element-9ac415f elementor-button-success elementor-align-center elementor-widget elementor-widget-button\" data-id=\"9ac415f\" data-element_type=\"widget\" data-widget_type=\"button.default\">\n\t\t\t\t\t\t\t\t\t\t<a class=\"elementor-button elementor-button-link elementor-size-sm\" href=\"https:\/\/www.amazon.de\/photos\/share\/svrG8AmEB65bVs0UpgopPAZc9JDyMSb8p5xBJPkczjf?sort=sortOldestToNewest\" target=\"_blank\">\n\t\t\t\t\t\t<span class=\"elementor-button-content-wrapper\">\n\t\t\t\t\t\t\t\t\t<span class=\"elementor-button-text\">03.-04.05.2025 OFB in Nalinnes (BE) (WCF)<\/span>\n\t\t\t\t\t<\/span>\n\t\t\t\t\t<\/a>\n\t\t\t\t\t\t\t\t<\/div>\n\t\t\t\t<div class=\"elementor-element elementor-element-f869d23 elementor-button-success elementor-align-center elementor-widget elementor-widget-button\" data-id=\"f869d23\" data-element_type=\"widget\" data-widget_type=\"button.default\">\n\t\t\t\t\t\t\t\t\t\t<a class=\"elementor-button elementor-button-link elementor-size-sm\" href=\"https:\/\/www.amazon.de\/photos\/share\/cbckJ51aWYmJ9gkQeBY3gApRxNle8bovUTj4Bo0lAgm?sort=sortOldestToNewest\" target=\"_blank\">\n\t\t\t\t\t\t<span class=\"elementor-button-content-wrapper\">\n\t\t\t\t\t\t\t\t\t<span class=\"elementor-button-text\">26.-27.04.2025 HEC in Reiskirchen (DE) (FIF\u00e9)<\/span>\n\t\t\t\t\t<\/span>\n\t\t\t\t\t<\/a>\n\t\t\t\t\t\t\t\t<\/div>\n\t\t\t\t\t<\/div>\n\t\t\t\t<\/div>\n\t\t<div class=\"elementor-element elementor-element-0d3d0d9 e-flex e-con-boxed e-con e-parent\" data-id=\"0d3d0d9\" data-element_type=\"container\">\n\t\t\t\t\t<div class=\"e-con-inner\">\n\t\t\t\t<div class=\"elementor-element elementor-element-79032e2 elementor-widget elementor-widget-text-editor\" data-id=\"79032e2\" data-element_type=\"widget\" data-widget_type=\"text-editor.default\">\n\t\t\t\t\t\t\t\t\t<p>Wenn Sie, aus welchen Grunde auch immer, nicht wollen, dass Sie auf einem Bild erkennbar sind, k\u00f6nnen Sie eine Email mit einem Identit\u00e4tsnachweis, samt einer Kopie des betreffenden Bildes an <a href=\"mailto:contact@kaze-club.lu\">contact@kaze-club.lu<\/a> schicken. Ihr Gesicht wird dann unscharf gemacht. Bitte erlauben Sie 1 Woche Bearbeitungszeit. Nach Neuver\u00f6ffentlichung wird Ihr Identit\u00e4tsnachweis in unserem System komplett gel\u00f6scht.<\/p><p>Laut <span data-huuid=\"2387708547008706697\">DSGVO<\/span> sind die Gesichter von Minderj\u00e4hrigen unscharf gemacht worden. Senden Sie uns eine Email falls Sie dies f\u00fcr Ihr Kind nicht m\u00f6chten.<\/p><p>Bilder und Photos sind auf amazon photos gespeichert. (Im Browser sichtbar, die App muss nicht installiert werden.)<\/p><div id=\"simple-translate\" class=\"simple-translate-system-theme\"><div><div class=\"simple-translate-button isShow\" style=\"background-image: url('moz-extension:\/\/31d7b407-20d4-4501-ac0d-fff749093cfd\/icons\/512.png'); height: 22px; width: 22px; top: 154px; left: 66px;\">\u00a0<\/div><div class=\"simple-translate-panel \" style=\"width: 300px; height: 200px; top: 0px; left: 0px; font-size: 13px;\"><div class=\"simple-translate-result-wrapper\" style=\"overflow: hidden;\"><div class=\"simple-translate-move\" draggable=\"true\">\u00a0<\/div><div class=\"simple-translate-result-contents\"><p class=\"simple-translate-result\" dir=\"auto\">\u00a0<\/p><p class=\"simple-translate-candidate\" dir=\"auto\">\u00a0<\/p><\/div><\/div><\/div><\/div><\/div>\t\t\t\t\t\t\t\t<\/div>\n\t\t\t\t\t<\/div>\n\t\t\t\t<\/div>\n\t\t\t\t<\/div>\n\t\t","protected":false},"excerpt":{"rendered":"<p>Bilder von Katzenausstellungen und anderen Veranstaltungen an denen Mitglieder des KCLs teilgenommen haben Diese Bilder sind zum gr\u00f6ssten Teil von nicht Profis gemacht worden. Bitte erhoffen sie sich keine professionelle Qualit\u00e4t. Einige sind unschaft, andere nicht. Nur sehr wenige wurden bearbeitet um die Qualit\u00e4t zu verbessern bevor sie ver\u00f6ffentlicht wurden. Es sind lediglich Erinnerungen an [&hellip;]<\/p>\n","protected":false},"author":1,"featured_media":0,"parent":0,"menu_order":0,"comment_status":"closed","ping_status":"closed","template":"","meta":{"jetpack_post_was_ever_published":false,"footnotes":""},"class_list":["post-1103","page","type-page","status-publish","hentry"],"jetpack-related-posts":[],"jetpack_sharing_enabled":true,"_links":{"self":[{"href":"https:\/\/kaze-club.lu\/index.php?rest_route=\/wp\/v2\/pages\/1103","targetHints":{"allow":["GET"]}}],"collection":[{"href":"https:\/\/kaze-club.lu\/index.php?rest_route=\/wp\/v2\/pages"}],"about":[{"href":"https:\/\/kaze-club.lu\/index.php?rest_route=\/wp\/v2\/types\/page"}],"author":[{"embeddable":true,"href":"https:\/\/kaze-club.lu\/index.php?rest_route=\/wp\/v2\/users\/1"}],"replies":[{"embeddable":true,"href":"https:\/\/kaze-club.lu\/index.php?rest_route=%2Fwp%2Fv2%2Fcomments&post=1103"}],"version-history":[{"count":49,"href":"https:\/\/kaze-club.lu\/index.php?rest_route=\/wp\/v2\/pages\/1103\/revisions"}],"predecessor-version":[{"id":1368,"href":"https:\/\/kaze-club.lu\/index.php?rest_route=\/wp\/v2\/pages\/1103\/revisions\/1368"}],"wp:attachment":[{"href":"https:\/\/kaze-club.lu\/index.php?rest_route=%2Fwp%2Fv2%2Fmedia&parent=1103"}],"curies":[{"name":"wp","href":"https:\/\/api.w.org\/{rel}","templated":true}]}}