{"id":1110,"date":"2025-05-17T11:40:35","date_gmt":"2025-05-17T09:40:35","guid":{"rendered":"https:\/\/kaze-club.lu\/?page_id=1110"},"modified":"2025-11-03T11:26:51","modified_gmt":"2025-11-03T10:26:51","slug":"expo-attended-lu","status":"publish","type":"page","link":"https:\/\/kaze-club.lu\/?page_id=1110&lang=lu","title":{"rendered":"Expo-attended-LU"},"content":{"rendered":"\t\t<div data-elementor-type=\"wp-page\" data-elementor-id=\"1110\" class=\"elementor elementor-1110\">\n\t\t\t\t<div class=\"elementor-element elementor-element-00cbf7e e-flex e-con-boxed e-con e-parent\" data-id=\"00cbf7e\" data-element_type=\"container\">\n\t\t\t\t\t<div class=\"e-con-inner\">\n\t\t\t\t<div class=\"elementor-element elementor-element-37d151d elementor-widget elementor-widget-heading\" data-id=\"37d151d\" data-element_type=\"widget\" data-widget_type=\"heading.default\">\n\t\t\t\t\t<h2 class=\"elementor-heading-title elementor-size-default\">Biller vun Kazenausstellungen an aneren Evenementer bei denen Memberen vum KCL deelgeholl hunn<\/h2>\t\t\t\t<\/div>\n\t\t\t\t\t<\/div>\n\t\t\t\t<\/div>\n\t\t<div class=\"elementor-element elementor-element-9e6e2b5 e-flex e-con-boxed e-con e-parent\" data-id=\"9e6e2b5\" data-element_type=\"container\">\n\t\t\t\t\t<div class=\"e-con-inner\">\n\t\t\t\t<div class=\"elementor-element elementor-element-fcae1c8 elementor-widget elementor-widget-text-editor\" data-id=\"fcae1c8\" data-element_type=\"widget\" data-widget_type=\"text-editor.default\">\n\t\t\t\t\t\t\t\t\t<p>D\u00ebs Biller sinn zum gr\u00e9issten Deel vun net Professionnellen gemeet ginn. Erhoft Iech w.e.g. keng professionnel Qualit\u00e9it. Verschiddener sinn onscharf, anerer net. Just puer w\u00e9ineg sinn beaarbecht ginn fir d&#8217;Qualit\u00e9it ze verbessern iet se ver\u00ebffentlecht ginn sinn. Et sinn just Er\u00ebnnerungen un Kazenausstellungen oder aneren Evenementer bei denen Memberen vum KCL deelgeholl hunn. Natiirlech ass den gr\u00e9issten Deel vun den Biller vun Memberen (oder Fr\u00eann) an hieren Kazen.<\/p><p>D&#8217;Biller k\u00ebnnen benotzt ginn sou lange d&#8217;Waasserzeechen drop geloss get oder den KCL als Quell vum Bild uginn get.<\/p><p>All Ufro vum KCL een Bild an enger vun \u00c4eren Publikatiounen ze l\u00e4schen muss ouni Verz\u00f6gerung befolegt ginn.<\/p><p>W.e.g. och den Text \u00ebnnen op der S\u00e4it liesen.\u00a0<\/p>\t\t\t\t\t\t\t\t<\/div>\n\t\t\t\t<div class=\"elementor-element elementor-element-f1a3060 elementor-button-success elementor-align-center elementor-widget elementor-widget-button\" data-id=\"f1a3060\" data-element_type=\"widget\" data-widget_type=\"button.default\">\n\t\t\t\t\t\t\t\t\t\t<a class=\"elementor-button elementor-button-link elementor-size-sm\" href=\"https:\/\/www.amazon.de\/photos\/share\/xDxFYBYP985iWZgSqgZZwQ4Fvrt9weeb7pBX4qqVeDm?sort=sortOldestToNewest\" target=\"_blank\">\n\t\t\t\t\t\t<span class=\"elementor-button-content-wrapper\">\n\t\t\t\t\t\t\t\t\t<span class=\"elementor-button-text\">25.-26.10.2025 CFE zu Brumath (FR) (WCF)<\/span>\n\t\t\t\t\t<\/span>\n\t\t\t\t\t<\/a>\n\t\t\t\t\t\t\t\t<\/div>\n\t\t\t\t<div class=\"elementor-element elementor-element-3124eb3 elementor-button-success elementor-align-center elementor-widget elementor-widget-button\" data-id=\"3124eb3\" data-element_type=\"widget\" data-widget_type=\"button.default\">\n\t\t\t\t\t\t\t\t\t\t<a class=\"elementor-button elementor-button-link elementor-size-sm\" href=\"https:\/\/www.amazon.de\/photos\/share\/sEo4ngv6kyp4lFCBHzFWPZP81lKkZaino72x2A6VLWi?sort=sortOldestToNewest\" target=\"_blank\">\n\t\t\t\t\t\t<span class=\"elementor-button-content-wrapper\">\n\t\t\t\t\t\t\t\t\t<span class=\"elementor-button-text\">11.-12.10.2025 Freesenkatten zu Warstein (DE) (WCF)<\/span>\n\t\t\t\t\t<\/span>\n\t\t\t\t\t<\/a>\n\t\t\t\t\t\t\t\t<\/div>\n\t\t\t\t<div class=\"elementor-element elementor-element-35976b5 elementor-button-success elementor-align-center elementor-widget elementor-widget-button\" data-id=\"35976b5\" data-element_type=\"widget\" data-widget_type=\"button.default\">\n\t\t\t\t\t\t\t\t\t\t<a class=\"elementor-button elementor-button-link elementor-size-sm\" href=\"https:\/\/www.amazon.de\/photos\/share\/fHoMEt2me33gSQ3nmt2Ist6SKstIH6RQQ6pPrmLJzkY?sort=sortOldestToNewest\" target=\"_blank\">\n\t\t\t\t\t\t<span class=\"elementor-button-content-wrapper\">\n\t\t\t\t\t\t\t\t\t<span class=\"elementor-button-text\">27.-28.09.2025 Cattus Invictus zu Budapest (HU) (WCF)<\/span>\n\t\t\t\t\t<\/span>\n\t\t\t\t\t<\/a>\n\t\t\t\t\t\t\t\t<\/div>\n\t\t\t\t<div class=\"elementor-element elementor-element-84fdf64 elementor-button-success elementor-align-center elementor-widget elementor-widget-button\" data-id=\"84fdf64\" data-element_type=\"widget\" data-widget_type=\"button.default\">\n\t\t\t\t\t\t\t\t\t\t<a class=\"elementor-button elementor-button-link elementor-size-sm\" href=\"https:\/\/www.amazon.de\/photos\/share\/O1ZW9QqB37i1q9LPExSwYsQ1cniLe69JcPGR4AQvnTE?sort=sortOldestToNewest\" target=\"_blank\">\n\t\t\t\t\t\t<span class=\"elementor-button-content-wrapper\">\n\t\t\t\t\t\t\t\t\t<span class=\"elementor-button-text\">13.-14.09.2025 Deutsche Edelkatze zu Recklinghausen (DE) (WCF)<\/span>\n\t\t\t\t\t<\/span>\n\t\t\t\t\t<\/a>\n\t\t\t\t\t\t\t\t<\/div>\n\t\t\t\t<div class=\"elementor-element elementor-element-b36c4e6 elementor-button-success elementor-align-center elementor-widget elementor-widget-button\" data-id=\"b36c4e6\" data-element_type=\"widget\" data-widget_type=\"button.default\">\n\t\t\t\t\t\t\t\t\t\t<a class=\"elementor-button elementor-button-link elementor-size-sm\" href=\"https:\/\/www.amazon.de\/photos\/share\/aTySlAmWhMdeZoUj4Tj8Voq36kvDvuPfIiMmN6p8BIp?sort=sortOldestToNewest\" target=\"_blank\">\n\t\t\t\t\t\t<span class=\"elementor-button-content-wrapper\">\n\t\t\t\t\t\t\t\t\t<span class=\"elementor-button-text\">07.-09.06.2025 PCCB zu Ath (BE) (WCF)<\/span>\n\t\t\t\t\t<\/span>\n\t\t\t\t\t<\/a>\n\t\t\t\t\t\t\t\t<\/div>\n\t\t\t\t<div class=\"elementor-element elementor-element-934770a elementor-button-success elementor-align-center elementor-widget elementor-widget-button\" data-id=\"934770a\" data-element_type=\"widget\" data-widget_type=\"button.default\">\n\t\t\t\t\t\t\t\t\t\t<a class=\"elementor-button elementor-button-link elementor-size-sm\" href=\"https:\/\/www.amazon.de\/photos\/share\/aTySlAmWhMdeZoUj4Tj8Voq36kvDvuPfIiMmN6p8BIp?sort=sortOldestToNewest\" target=\"_blank\">\n\t\t\t\t\t\t<span class=\"elementor-button-content-wrapper\">\n\t\t\t\t\t\t\t\t\t<span class=\"elementor-button-text\">31.05.-01.06.2025 WCF OLIMPIA zu Zagreb (HR) (WCF)<\/span>\n\t\t\t\t\t<\/span>\n\t\t\t\t\t<\/a>\n\t\t\t\t\t\t\t\t<\/div>\n\t\t\t\t<div class=\"elementor-element elementor-element-27f13c1 elementor-button-success elementor-align-center elementor-widget elementor-widget-button\" data-id=\"27f13c1\" data-element_type=\"widget\" data-widget_type=\"button.default\">\n\t\t\t\t\t\t\t\t\t\t<a class=\"elementor-button elementor-button-link elementor-size-sm\" href=\"https:\/\/www.amazon.de\/photos\/share\/67Dq3py4PlnRTlMVhPQuayRFSQEvwzyMXA4Ae5gjLDV?sort=sortOldestToNewest\" target=\"_blank\">\n\t\t\t\t\t\t<span class=\"elementor-button-content-wrapper\">\n\t\t\t\t\t\t\t\t\t<span class=\"elementor-button-text\">10.-11.05.2025 CFE zu Saverne (FR) (WCF)<\/span>\n\t\t\t\t\t<\/span>\n\t\t\t\t\t<\/a>\n\t\t\t\t\t\t\t\t<\/div>\n\t\t\t\t<div class=\"elementor-element elementor-element-f869d23 elementor-button-success elementor-align-center elementor-widget elementor-widget-button\" data-id=\"f869d23\" data-element_type=\"widget\" data-widget_type=\"button.default\">\n\t\t\t\t\t\t\t\t\t\t<a class=\"elementor-button elementor-button-link elementor-size-sm\" href=\"https:\/\/www.amazon.de\/photos\/share\/svrG8AmEB65bVs0UpgopPAZc9JDyMSb8p5xBJPkczjf?sort=sortOldestToNewest\" target=\"_blank\">\n\t\t\t\t\t\t<span class=\"elementor-button-content-wrapper\">\n\t\t\t\t\t\t\t\t\t<span class=\"elementor-button-text\">03.-04.05.2025 OFB zu Nalinnes (BE) (WCF)<\/span>\n\t\t\t\t\t<\/span>\n\t\t\t\t\t<\/a>\n\t\t\t\t\t\t\t\t<\/div>\n\t\t\t\t<div class=\"elementor-element elementor-element-528e640 elementor-button-success elementor-align-center elementor-widget elementor-widget-button\" data-id=\"528e640\" data-element_type=\"widget\" data-widget_type=\"button.default\">\n\t\t\t\t\t\t\t\t\t\t<a class=\"elementor-button elementor-button-link elementor-size-sm\" href=\"https:\/\/www.amazon.de\/photos\/share\/cbckJ51aWYmJ9gkQeBY3gApRxNle8bovUTj4Bo0lAgm?sort=sortOldestToNewest\" target=\"_blank\">\n\t\t\t\t\t\t<span class=\"elementor-button-content-wrapper\">\n\t\t\t\t\t\t\t\t\t<span class=\"elementor-button-text\">26.-27.04.2025 HEC zu Reiskirchen (DE) (FIF\u00e9)<\/span>\n\t\t\t\t\t<\/span>\n\t\t\t\t\t<\/a>\n\t\t\t\t\t\t\t\t<\/div>\n\t\t\t\t<div class=\"elementor-element elementor-element-eda0c25 elementor-widget elementor-widget-text-editor\" data-id=\"eda0c25\" data-element_type=\"widget\" data-widget_type=\"text-editor.default\">\n\t\t\t\t\t\t\t\t\t<p>Wenn Dir, aus w\u00e9iengem Grond och \u00ebmmer, net w\u00ebllt, dass Dir op engem Bild ze erkennen sidd, k\u00ebnnt Dir eng Email mat engem Identit\u00e4tsnoweis, mat enger Kopie vun deem Bild un <a href=\"mailto:contact@kaze-club.lu\">contact@kaze-club.lu<\/a> schecken. \u00c4ert Gesiicht get dann onscharf gemeet. Gidd eis w.e.g. 1 Woch fir dat ze beaarbechten.\u00a0 Wann d&#8217;Bild duerno ver\u00ebffentlecht get, get \u00c4eren Identit\u00e4tsnoweis an eisem System komplett gel\u00e4scht.<\/p><p>Am Aklang mat dem RGPD sinn d&#8217;Gesiichter vun Mannerj\u00e4hregen onscharf gemeet ginn. Dir k\u00ebnnt een Email mat \u00c4erem Accord schecken, wann Dir dat bei \u00c4erem Kand net w\u00ebllt.<\/p><p>Biller an Photoen sinn op amazon photos gesp\u00e4ichert. (Am Browser siichtbar, d&#8217;App muss net installiert ginn.)<\/p>\t\t\t\t\t\t\t\t<\/div>\n\t\t\t\t\t<\/div>\n\t\t\t\t<\/div>\n\t\t<div class=\"elementor-element elementor-element-4c95c1d e-grid e-con-boxed e-con e-parent\" data-id=\"4c95c1d\" data-element_type=\"container\">\n\t\t\t\t\t<div class=\"e-con-inner\">\n\t\t\t\t\t<\/div>\n\t\t\t\t<\/div>\n\t\t\t\t<\/div>\n\t\t","protected":false},"excerpt":{"rendered":"<p>Biller vun Kazenausstellungen an aneren Evenementer bei denen Memberen vum KCL deelgeholl hunn D\u00ebs Biller sinn zum gr\u00e9issten Deel vun net Professionnellen gemeet ginn. Erhoft Iech w.e.g. keng professionnel Qualit\u00e9it. Verschiddener sinn onscharf, anerer net. Just puer w\u00e9ineg sinn beaarbecht ginn fir d&#8217;Qualit\u00e9it ze verbessern iet se ver\u00ebffentlecht ginn sinn. Et sinn just Er\u00ebnnerungen un [&hellip;]<\/p>\n","protected":false},"author":1,"featured_media":0,"parent":0,"menu_order":0,"comment_status":"closed","ping_status":"closed","template":"","meta":{"jetpack_post_was_ever_published":false,"footnotes":""},"class_list":["post-1110","page","type-page","status-publish","hentry"],"jetpack-related-posts":[],"jetpack_sharing_enabled":true,"_links":{"self":[{"href":"https:\/\/kaze-club.lu\/index.php?rest_route=\/wp\/v2\/pages\/1110","targetHints":{"allow":["GET"]}}],"collection":[{"href":"https:\/\/kaze-club.lu\/index.php?rest_route=\/wp\/v2\/pages"}],"about":[{"href":"https:\/\/kaze-club.lu\/index.php?rest_route=\/wp\/v2\/types\/page"}],"author":[{"embeddable":true,"href":"https:\/\/kaze-club.lu\/index.php?rest_route=\/wp\/v2\/users\/1"}],"replies":[{"embeddable":true,"href":"https:\/\/kaze-club.lu\/index.php?rest_route=%2Fwp%2Fv2%2Fcomments&post=1110"}],"version-history":[{"count":38,"href":"https:\/\/kaze-club.lu\/index.php?rest_route=\/wp\/v2\/pages\/1110\/revisions"}],"predecessor-version":[{"id":1371,"href":"https:\/\/kaze-club.lu\/index.php?rest_route=\/wp\/v2\/pages\/1110\/revisions\/1371"}],"wp:attachment":[{"href":"https:\/\/kaze-club.lu\/index.php?rest_route=%2Fwp%2Fv2%2Fmedia&parent=1110"}],"curies":[{"name":"wp","href":"https:\/\/api.w.org\/{rel}","templated":true}]}}